{"id":3674,"date":"2023-10-11T18:22:29","date_gmt":"2023-10-11T06:22:29","guid":{"rendered":"https:\/\/americandialysiscenters.com\/?page_id=3674"},"modified":"2023-10-11T18:22:29","modified_gmt":"2023-10-11T06:22:29","slug":"living-with-kidney-disease","status":"publish","type":"page","link":"https:\/\/americandialysiscenters.com\/es\/living-with-kidney-disease\/","title":{"rendered":"Enfermedad renal"},"content":{"rendered":"<section class=\"wpb-content-wrapper\"><div data-vc-full-width=\"true\" data-vc-full-width-init=\"false\" class=\"vc_row wpb_row vc_row-fluid inner-banner vc_custom_1697005297821 vc_row-has-fill vc_row-o-content-middle vc_row-flex\"><div class=\"wpb_column vc_column_container vc_col-sm-12\"><div class=\"vc_column-inner\"><div class=\"wpb_wrapper\"><div class=\"vc_row wpb_row vc_inner vc_row-fluid my-5\"><div class=\"wpb_column vc_column_container vc_col-sm-6\"><div class=\"vc_column-inner\"><div class=\"wpb_wrapper\"><h1 style=\"text-align: left\" class=\"vc_custom_heading mb-4 wpb_animate_when_almost_visible wpb_fadeInUp fadeInUp\" >Enfermedad renal<\/h1><\/div><\/div><\/div><div class=\"wpb_column vc_column_container vc_col-sm-6\"><div class=\"vc_column-inner\"><div class=\"wpb_wrapper\"><\/div><\/div><\/div><\/div><\/div><\/div><\/div><\/div><div class=\"vc_row-full-width vc_clearfix\"><\/div><div id=\"intro\" data-vc-full-width=\"true\" data-vc-full-width-init=\"false\" class=\"vc_row wpb_row vc_row-fluid py-5\"><div class=\"wpb_column vc_column_container vc_col-sm-12\"><div class=\"vc_column-inner vc_custom_1694503289724\"><div class=\"wpb_wrapper\"><div class=\"vc_row wpb_row vc_inner vc_row-fluid vc_row-o-equal-height vc_row-flex\"><div class=\"order-md-last wpb_column vc_column_container vc_col-sm-6\"><div class=\"vc_column-inner\"><div class=\"wpb_wrapper\">\n\t<div class=\"wpb_text_column wpb_content_element  clink mb-4 mb-md-0\" >\n\t\t<div class=\"wpb_wrapper\">\n\t\t\t<div class=\"wysiwyg\">\n<h4>La enfermedad renal no controla su vida. Usted s\u00ed.<\/h4>\n<p>Usted est\u00e1 en el centro de su atenci\u00f3n. Y no est\u00e1 solo(a). Nuestros profesionales m\u00e9dicos trabajan a su alrededor para garantizar que reciba la atenci\u00f3n que mejor se adapta a sus necesidades individuales.<\/p>\n<p>Cuanto m\u00e1s se involucre en su plan de tratamiento, mejores ser\u00e1n sus resultados y su calidad de vida. La di\u00e1lisis cumple solo un papel en su salud general. Es fundamental que los pacientes mantengan una dieta saludable y un programa de ejercicio para mejorar su bienestar general.<\/p>\n<p class=\"translation-block\">El pron\u00f3stico para los pacientes en di\u00e1lisis mejora cada d\u00eda. Kidney Care Partners informa que un <a href=\"https:\/\/kidneycarepartners.com\/press\/new-data-analysis-improvements-in-dialysis-care-are-outpacing-other-serious-chronic-disease-conditions-including-cancer-and-heart-failure\/\" target=\"_blank\" rel=\"noopener noreferrer\">nuevo an\u00e1lisis de datos<\/a> muestra que las mejoras en la atenci\u00f3n de di\u00e1lisis permiten a los pacientes con enfermedad renal en etapa terminal vivir vidas m\u00e1s largas. Adem\u00e1s, consulte <a href=\"https:\/\/kidneycarepartners.com\/kidney-care-quality-is-improving\/\" target=\"_blank\" rel=\"noopener noreferrer\">estad\u00edsticas adicionales<\/a> sobre c\u00f3mo la calidad del cuidado renal est\u00e1 mejorando.<\/p>\n<p>Aprenda m\u00e1s sobre c\u00f3mo vivir con enfermedad renal. Desde el trabajo hasta los viajes, pasando por informaci\u00f3n \u00fatil para la familia y los cuidadores, ofrecemos recursos pensando en usted.\n<\/p><\/div>\n\n\t\t<\/div>\n\t<\/div>\n<\/div><\/div><\/div><div class=\"h-all-100 wpb_column vc_column_container vc_col-sm-6\"><div class=\"vc_column-inner\"><div class=\"wpb_wrapper\">\n\t<div  class=\"wpb_single_image wpb_content_element vc_align_center   mb-0\">\n\t\t\n\t\t<figure class=\"wpb_wrapper vc_figure\">\n\t\t\t<div class=\"vc_single_image-wrapper   vc_box_border_grey\"><img loading=\"lazy\" decoding=\"async\" width=\"557\" height=\"330\" src=\"https:\/\/americandialysiscenters.com\/wp-content\/uploads\/2023\/10\/US_RENALCARE_PT10415.jpg\" class=\"vc_single_image-img attachment-full\" alt=\"\" title=\"US_RENALCARE_PT10415\" srcset=\"https:\/\/americandialysiscenters.com\/wp-content\/uploads\/2023\/10\/US_RENALCARE_PT10415.jpg 557w, https:\/\/americandialysiscenters.com\/wp-content\/uploads\/2023\/10\/US_RENALCARE_PT10415-300x178.jpg 300w\" sizes=\"auto, (max-width: 557px) 100vw, 557px\" \/><\/div>\n\t\t<\/figure>\n\t<\/div>\n<\/div><\/div><\/div><\/div><\/div><\/div><\/div><\/div><div class=\"vc_row-full-width vc_clearfix\"><\/div><div data-vc-full-width=\"true\" data-vc-full-width-init=\"false\" class=\"vc_row wpb_row vc_row-fluid py-5 vc_custom_1694503407511 vc_row-has-fill\"><div class=\"wpb_column vc_column_container vc_col-sm-12\"><div class=\"vc_column-inner\"><div class=\"wpb_wrapper\"><div class=\"vc_row wpb_row vc_inner vc_row-fluid text-center\"><div class=\"wpb_column vc_column_container vc_col-sm-6\"><div class=\"vc_column-inner\"><div class=\"wpb_wrapper\">\n\t<div  class=\"wpb_single_image wpb_content_element vc_align_center\">\n\t\t\n\t\t<figure class=\"wpb_wrapper vc_figure\">\n\t\t\t<div class=\"vc_single_image-wrapper   vc_box_border_grey\"><img loading=\"lazy\" decoding=\"async\" width=\"565\" height=\"424\" src=\"https:\/\/americandialysiscenters.com\/wp-content\/uploads\/2023\/10\/US_RENALCARE_PT13382.jpg\" class=\"vc_single_image-img attachment-full\" alt=\"\" title=\"US_RENALCARE_PT13382\" srcset=\"https:\/\/americandialysiscenters.com\/wp-content\/uploads\/2023\/10\/US_RENALCARE_PT13382.jpg 565w, https:\/\/americandialysiscenters.com\/wp-content\/uploads\/2023\/10\/US_RENALCARE_PT13382-300x225.jpg 300w\" sizes=\"auto, (max-width: 565px) 100vw, 565px\" \/><\/div>\n\t\t<\/figure>\n\t<\/div>\n\n\t<div class=\"wpb_text_column wpb_content_element\" >\n\t\t<div class=\"wpb_wrapper\">\n\t\t\t<h3 class=\"hierarchy__tertia-text\">Estilo de vida<\/h3>\n<p class=\"customizable__block--textBlock_header hierarchy__columbian-text styles__primary-heading spacing__mts\">La enfermedad renal no controla su vida. Usted s\u00ed.<\/p>\n\n\t\t<\/div>\n\t<\/div>\n<\/div><\/div><\/div><div class=\"wpb_column vc_column_container vc_col-sm-6\"><div class=\"vc_column-inner\"><div class=\"wpb_wrapper\">\n\t<div  class=\"wpb_single_image wpb_content_element vc_align_center\">\n\t\t\n\t\t<figure class=\"wpb_wrapper vc_figure\">\n\t\t\t<div class=\"vc_single_image-wrapper   vc_box_border_grey\"><img loading=\"lazy\" decoding=\"async\" width=\"565\" height=\"424\" src=\"https:\/\/americandialysiscenters.com\/wp-content\/uploads\/2023\/10\/US_RENALCARE_PT10222.jpg\" class=\"vc_single_image-img attachment-full\" alt=\"\" title=\"US_RENALCARE_PT10222\" srcset=\"https:\/\/americandialysiscenters.com\/wp-content\/uploads\/2023\/10\/US_RENALCARE_PT10222.jpg 565w, https:\/\/americandialysiscenters.com\/wp-content\/uploads\/2023\/10\/US_RENALCARE_PT10222-300x225.jpg 300w\" sizes=\"auto, (max-width: 565px) 100vw, 565px\" \/><\/div>\n\t\t<\/figure>\n\t<\/div>\n\n\t<div class=\"wpb_text_column wpb_content_element\" >\n\t\t<div class=\"wpb_wrapper\">\n\t\t\t<h3 class=\"hierarchy__tertia-text\">Dieta y ejercicio<\/h3>\n<p class=\"spacing__mtm hierarchy__pica-text\">Claves para una dieta saludable y mejorar la forma f\u00edsica<\/p>\n\n\t\t<\/div>\n\t<\/div>\n<\/div><\/div><\/div><\/div><\/div><\/div><\/div><\/div><div class=\"vc_row-full-width vc_clearfix\"><\/div>\n<\/section>","protected":false},"excerpt":{"rendered":"Living with Kidney Disease Kidney disease doesn\u2019t control your life. You do. You are at the center of your care.&hellip; <a href=\"https:\/\/americandialysiscenters.com\/es\/living-with-kidney-disease\/\"><\/a>","protected":false},"author":6,"featured_media":0,"parent":0,"menu_order":0,"comment_status":"closed","ping_status":"closed","template":"","meta":{"footnotes":""},"yst_prominent_words":[46,44,93,77,45,351],"class_list":["post-3674","page","type-page","status-publish","hentry"],"yoast_head":"<!-- This site is optimized with the Yoast SEO Premium plugin v14.0.4 - https:\/\/yoast.com\/wordpress\/plugins\/seo\/ -->\n<meta name=\"robots\" content=\"index, follow\" \/>\n<meta name=\"googlebot\" content=\"index, follow, max-snippet:-1, max-image-preview:large, max-video-preview:-1\" \/>\n<meta name=\"bingbot\" content=\"index, follow, max-snippet:-1, max-image-preview:large, max-video-preview:-1\" \/>\n<link rel=\"canonical\" href=\"https:\/\/americandialysiscenters.com\/es\/living-with-kidney-disease\/\" \/>\n<meta property=\"og:locale\" content=\"es_ES\" \/>\n<meta property=\"og:type\" content=\"article\" \/>\n<meta property=\"og:title\" content=\"Living with Kidney Disease | American Dialysis Center\" \/>\n<meta property=\"og:url\" content=\"https:\/\/americandialysiscenters.com\/es\/living-with-kidney-disease\/\" \/>\n<meta property=\"og:site_name\" content=\"American Dialysis Center\" \/>\n<meta property=\"article:publisher\" content=\"https:\/\/www.facebook.com\/American-Dialysis-Centers-1875626095982653\/\" \/>\n<meta property=\"fb:app_id\" content=\"https:\/\/www.facebook.com\/American-Dialysis-Centers-1875626095982653\/\" \/>\n<meta name=\"twitter:card\" content=\"summary_large_image\" \/>\n<meta name=\"twitter:creator\" content=\"@ADC_Dialysis\" \/>\n<meta name=\"twitter:site\" content=\"@ADC_Dialysis\" \/>\n<script type=\"application\/ld+json\" class=\"yoast-schema-graph\">{\"@context\":\"https:\/\/schema.org\",\"@graph\":[{\"@type\":\"Organization\",\"@id\":\"https:\/\/americandialysiscenters.com\/es\/#organization\",\"name\":\"AMERICAN DIALYSIS CENTERS\",\"url\":\"https:\/\/americandialysiscenters.com\/es\/\",\"sameAs\":[\"https:\/\/www.facebook.com\/American-Dialysis-Centers-1875626095982653\/\",\"https:\/\/www.instagram.com\/americandialysiscenters_adc\/\",\"https:\/\/www.linkedin.com\/company\/1842703\/admin\/\",\"https:\/\/www.youtube.com\/channel\/UCN2kuvF-WBJ-XCwsKgUlh0g\",\"https:\/\/twitter.com\/ADC_Dialysis\"],\"logo\":{\"@type\":\"ImageObject\",\"@id\":\"https:\/\/americandialysiscenters.com\/es\/#logo\",\"inLanguage\":\"es\",\"url\":\"https:\/\/americandialysiscenters.com\/wp-content\/uploads\/2019\/09\/ADC-log.jpg\",\"width\":462,\"height\":214,\"caption\":\"AMERICAN DIALYSIS CENTERS\"},\"image\":{\"@id\":\"https:\/\/americandialysiscenters.com\/es\/#logo\"}},{\"@type\":\"WebSite\",\"@id\":\"https:\/\/americandialysiscenters.com\/es\/#website\",\"url\":\"https:\/\/americandialysiscenters.com\/es\/\",\"name\":\"American Dialysis Center\",\"description\":\"Kidney Failure in Las Vegas, NV\",\"publisher\":{\"@id\":\"https:\/\/americandialysiscenters.com\/es\/#organization\"},\"potentialAction\":[{\"@type\":\"SearchAction\",\"target\":\"https:\/\/americandialysiscenters.com\/es\/?s={search_term_string}\",\"query-input\":\"required name=search_term_string\"}],\"inLanguage\":\"es\"},{\"@type\":\"WebPage\",\"@id\":\"https:\/\/americandialysiscenters.com\/living-with-kidney-disease\/#webpage\",\"url\":\"https:\/\/americandialysiscenters.com\/living-with-kidney-disease\/\",\"name\":\"Living with Kidney Disease | American Dialysis Center\",\"isPartOf\":{\"@id\":\"https:\/\/americandialysiscenters.com\/es\/#website\"},\"datePublished\":\"2023-10-11T06:22:29+00:00\",\"dateModified\":\"2023-10-11T06:22:29+00:00\",\"inLanguage\":\"es\",\"potentialAction\":[{\"@type\":\"ReadAction\",\"target\":[\"https:\/\/americandialysiscenters.com\/living-with-kidney-disease\/\"]}]}]}<\/script>\n<!-- \/ Yoast SEO Premium plugin. -->","_links":{"self":[{"href":"https:\/\/americandialysiscenters.com\/es\/wp-json\/wp\/v2\/pages\/3674","targetHints":{"allow":["GET"]}}],"collection":[{"href":"https:\/\/americandialysiscenters.com\/es\/wp-json\/wp\/v2\/pages"}],"about":[{"href":"https:\/\/americandialysiscenters.com\/es\/wp-json\/wp\/v2\/types\/page"}],"author":[{"embeddable":true,"href":"https:\/\/americandialysiscenters.com\/es\/wp-json\/wp\/v2\/users\/6"}],"replies":[{"embeddable":true,"href":"https:\/\/americandialysiscenters.com\/es\/wp-json\/wp\/v2\/comments?post=3674"}],"version-history":[{"count":1,"href":"https:\/\/americandialysiscenters.com\/es\/wp-json\/wp\/v2\/pages\/3674\/revisions"}],"predecessor-version":[{"id":3679,"href":"https:\/\/americandialysiscenters.com\/es\/wp-json\/wp\/v2\/pages\/3674\/revisions\/3679"}],"wp:attachment":[{"href":"https:\/\/americandialysiscenters.com\/es\/wp-json\/wp\/v2\/media?parent=3674"}],"wp:term":[{"taxonomy":"yst_prominent_words","embeddable":true,"href":"https:\/\/americandialysiscenters.com\/es\/wp-json\/wp\/v2\/yst_prominent_words?post=3674"}],"curies":[{"name":"wp","href":"https:\/\/api.w.org\/{rel}","templated":true}]}}