{"id":3681,"date":"2023-10-11T18:30:26","date_gmt":"2023-10-11T06:30:26","guid":{"rendered":"https:\/\/americandialysiscenters.com\/?page_id=3681"},"modified":"2025-08-30T19:16:12","modified_gmt":"2025-08-30T07:16:12","slug":"treatment-options","status":"publish","type":"page","link":"https:\/\/americandialysiscenters.com\/es\/treatment-options\/","title":{"rendered":"Opciones de tratamiento"},"content":{"rendered":"<section class=\"wpb-content-wrapper\"><div data-vc-full-width=\"true\" data-vc-full-width-init=\"false\" class=\"vc_row wpb_row vc_row-fluid inner-banner vc_custom_1697019427347 vc_row-has-fill vc_row-o-content-middle vc_row-flex\"><div class=\"wpb_column vc_column_container vc_col-sm-12\"><div class=\"vc_column-inner\"><div class=\"wpb_wrapper\"><div class=\"vc_row wpb_row vc_inner vc_row-fluid my-5\"><div class=\"wpb_column vc_column_container vc_col-sm-6\"><div class=\"vc_column-inner\"><div class=\"wpb_wrapper\"><h1 style=\"text-align: left\" class=\"vc_custom_heading mb-4 wpb_animate_when_almost_visible wpb_fadeInUp fadeInUp\" >Opciones de tratamiento<\/h1><\/div><\/div><\/div><div class=\"wpb_column vc_column_container vc_col-sm-6\"><div class=\"vc_column-inner\"><div class=\"wpb_wrapper\"><\/div><\/div><\/div><\/div><div id=\"jump_down\" class=\"vc_icon_element vc_icon_element-outer mb-0 position-absolute vc_icon_element-align-right vc_icon_element-have-style\"><div class=\"vc_icon_element-inner vc_icon_element-color-white vc_icon_element-have-style-inner vc_icon_element-size-sm vc_icon_element-style-rounded vc_icon_element-background vc_icon_element-background-color-custom\"  style=\"background-color:#0053a0\"><span class=\"vc_icon_element-icon fas fa-chevron-down\" ><\/span><a class=\"vc_icon_element-link\" href=\"#intro\"  title=\"\" target=\"_self\"><\/a><\/div><\/div><\/div><\/div><\/div><\/div><div class=\"vc_row-full-width vc_clearfix\"><\/div><div id=\"intro\" data-vc-full-width=\"true\" data-vc-full-width-init=\"false\" class=\"vc_row wpb_row vc_row-fluid pt-2 pb-5 vc_custom_1693291220545 vc_row-has-fill\"><div class=\"wpb_column vc_column_container vc_col-sm-12\"><div class=\"vc_column-inner\"><div class=\"wpb_wrapper\"><h2 style=\"color: #0053a0;text-align: center\" class=\"vc_custom_heading mb-0 mb-lg-4\" >Claves para una dieta saludable y mejorar la forma f\u00edsica<\/h2><div class=\"vc_row wpb_row vc_inner vc_row-fluid blocks3 max-100 vc_row-o-equal-height vc_row-flex\"><div class=\"wpb_column vc_column_container vc_col-sm-6 vc_col-lg-3 vc_col-md-3\"><div class=\"vc_column-inner\"><div class=\"wpb_wrapper\">\n\t<div  class=\"wpb_single_image wpb_content_element vc_align_left   mb-4\">\n\t\t\n\t\t<figure class=\"wpb_wrapper vc_figure\">\n\t\t\t<div class=\"vc_single_image-wrapper   vc_box_border_grey\"><img loading=\"lazy\" decoding=\"async\" width=\"300\" height=\"175\" src=\"https:\/\/americandialysiscenters.com\/wp-content\/uploads\/2023\/10\/hd-overview.jpg\" class=\"vc_single_image-img attachment-full\" alt=\"\" title=\"hd-overview\" \/><\/div>\n\t\t<\/figure>\n\t<\/div>\n<h5 style=\"color: #0053a0;text-align: left\" class=\"vc_custom_heading text-uppercase\" >Di\u00e1lisis en el hogar<\/h5>\n\t<div class=\"wpb_text_column wpb_content_element  mb-0\" >\n\t\t<div class=\"wpb_wrapper\">\n\t\t\t<p>Descubra c\u00f3mo la di\u00e1lisis en casa podr\u00eda mejorar su calidad de vida y brindarle m\u00e1s tiempo para hacer las cosas que ama.<img decoding=\"async\" class=\"arw\" src=\"https:\/\/americandialysiscenters.com\/es\/wp-content\/uploads\/2023\/08\/down-arw-1.png\" alt=\"\" \/><\/p>\n\n\t\t<\/div>\n\t<\/div>\n\n\t<div class=\"wpb_raw_code wpb_content_element wpb_raw_html mb-0\" >\n\t\t<div class=\"wpb_wrapper\">\n\t\t\t<a href=\"https:\/\/americandialysiscenters.com\/es\/home-hemodialysis\/\" class=\"stretched-link\"><\/a>\n\t\t<\/div>\n\t<\/div>\n<\/div><\/div><\/div><div class=\"wpb_column vc_column_container vc_col-sm-6 vc_col-lg-3 vc_col-md-3\"><div class=\"vc_column-inner\"><div class=\"wpb_wrapper\">\n\t<div  class=\"wpb_single_image wpb_content_element vc_align_left   mb-4\">\n\t\t\n\t\t<figure class=\"wpb_wrapper vc_figure\">\n\t\t\t<div class=\"vc_single_image-wrapper   vc_box_border_grey\"><img loading=\"lazy\" decoding=\"async\" width=\"300\" height=\"175\" src=\"https:\/\/americandialysiscenters.com\/wp-content\/uploads\/2023\/10\/in-center-overview.jpg\" class=\"vc_single_image-img attachment-full\" alt=\"\" title=\"in-center-overview\" \/><\/div>\n\t\t<\/figure>\n\t<\/div>\n<h5 style=\"color: #0053a0;text-align: left\" class=\"vc_custom_heading text-uppercase\" >Hemodi\u00e1lisis en el centro<\/h5>\n\t<div class=\"wpb_text_column wpb_content_element  mb-0\" >\n\t\t<div class=\"wpb_wrapper\">\n\t\t\t<p>Obtenga informaci\u00f3n sobre la hemodi\u00e1lisis en el centro y encuentre un centro ADC\u00ae cerca de usted.<img decoding=\"async\" class=\"arw\" src=\"https:\/\/americandialysiscenters.com\/es\/wp-content\/uploads\/2023\/08\/down-arw-1.png\" alt=\"\" \/><\/p>\n\n\t\t<\/div>\n\t<\/div>\n\n\t<div class=\"wpb_raw_code wpb_content_element wpb_raw_html mb-0\" >\n\t\t<div class=\"wpb_wrapper\">\n\t\t\t<a href=\"https:\/\/americandialysiscenters.com\/es\/in-center-hemodialysis\/\" class=\"stretched-link\"><\/a>\n\t\t<\/div>\n\t<\/div>\n<\/div><\/div><\/div><div class=\"wpb_column vc_column_container vc_col-sm-6 vc_col-lg-3 vc_col-md-3\"><div class=\"vc_column-inner\"><div class=\"wpb_wrapper\">\n\t<div  class=\"wpb_single_image wpb_content_element vc_align_left   mb-4\">\n\t\t\n\t\t<figure class=\"wpb_wrapper vc_figure\">\n\t\t\t<div class=\"vc_single_image-wrapper   vc_box_border_grey\"><img loading=\"lazy\" decoding=\"async\" width=\"300\" height=\"175\" src=\"https:\/\/americandialysiscenters.com\/wp-content\/uploads\/2023\/10\/snf-overview.jpg\" class=\"vc_single_image-img attachment-full\" alt=\"\" title=\"snf-overview\" \/><\/div>\n\t\t<\/figure>\n\t<\/div>\n<h5 style=\"color: #0053a0;text-align: left\" class=\"vc_custom_heading text-uppercase\" >Centro de enfermer\u00eda especializada<\/h5>\n\t<div class=\"wpb_text_column wpb_content_element  mb-0\" >\n\t\t<div class=\"wpb_wrapper\">\n\t\t\t<p>Reciba atenci\u00f3n de di\u00e1lisis en el lugar sin salir de su centro de enfermer\u00eda especializada.<img decoding=\"async\" class=\"arw\" src=\"https:\/\/americandialysiscenters.com\/es\/wp-content\/uploads\/2023\/08\/down-arw-1.png\" alt=\"\" \/><\/p>\n\n\t\t<\/div>\n\t<\/div>\n\n\t<div class=\"wpb_raw_code wpb_content_element wpb_raw_html mb-0\" >\n\t\t<div class=\"wpb_wrapper\">\n\t\t\t<a href=\"https:\/\/americandialysiscenters.com\/es\/skilled-nursing-facility\/\" class=\"stretched-link\"><\/a>\n\t\t<\/div>\n\t<\/div>\n<\/div><\/div><\/div><div class=\"wpb_column vc_column_container vc_col-sm-6 vc_col-lg-3 vc_col-md-3\"><div class=\"vc_column-inner\"><div class=\"wpb_wrapper\">\n\t<div  class=\"wpb_single_image wpb_content_element vc_align_left   mb-4\">\n\t\t\n\t\t<figure class=\"wpb_wrapper vc_figure\">\n\t\t\t<div class=\"vc_single_image-wrapper   vc_box_border_grey\"><img loading=\"lazy\" decoding=\"async\" width=\"300\" height=\"175\" src=\"https:\/\/americandialysiscenters.com\/wp-content\/uploads\/2023\/10\/transplant-overview.jpg\" class=\"vc_single_image-img attachment-full\" alt=\"\" title=\"transplant-overview\" \/><\/div>\n\t\t<\/figure>\n\t<\/div>\n<h5 style=\"color: #0053a0;text-align: left\" class=\"vc_custom_heading text-uppercase\" >Trasplante de ri\u00f1\u00f3n<\/h5>\n\t<div class=\"wpb_text_column wpb_content_element  mb-0\" >\n\t\t<div class=\"wpb_wrapper\">\n\t\t\t<p>El trasplante es la opci\u00f3n de tratamiento ideal. Inf\u00f3rmese sobre el proceso para donantes y receptores.<img decoding=\"async\" class=\"arw\" src=\"https:\/\/americandialysiscenters.com\/es\/wp-content\/uploads\/2023\/08\/down-arw-1.png\" alt=\"\" \/><\/p>\n\n\t\t<\/div>\n\t<\/div>\n\n\t<div class=\"wpb_raw_code wpb_content_element wpb_raw_html mb-0\" >\n\t\t<div class=\"wpb_wrapper\">\n\t\t\t<a href=\"https:\/\/americandialysiscenters.com\/es\/transplant\/\" class=\"stretched-link\"><\/a>\n\t\t<\/div>\n\t<\/div>\n<\/div><\/div><\/div><\/div><\/div><\/div><\/div><\/div><div class=\"vc_row-full-width vc_clearfix\"><\/div><div data-vc-full-width=\"true\" data-vc-full-width-init=\"false\" class=\"vc_row wpb_row vc_row-fluid vc_custom_1698482910458 vc_row-has-fill\"><div class=\"wpb_column vc_column_container vc_col-sm-12 vc_col-lg-offset-1 vc_col-lg-10\"><div class=\"vc_column-inner vc_custom_1698482920322\"><div class=\"wpb_wrapper\">\n\t<div class=\"wpb_text_column wpb_content_element  mb-0\" >\n\t\t<div class=\"wpb_wrapper\">\n\t\t\t\n\n\t\t<\/div>\n\t<\/div>\n<\/div><\/div><\/div><\/div><div class=\"vc_row-full-width vc_clearfix\"><\/div><div data-vc-full-width=\"true\" data-vc-full-width-init=\"false\" class=\"vc_row wpb_row vc_row-fluid pt-2 pb-5 vc_custom_1693375833900 vc_row-has-fill\"><div class=\"wpb_column vc_column_container vc_col-sm-12\"><div class=\"vc_column-inner\"><div class=\"wpb_wrapper\"><h2 style=\"color: #0053a0;text-align: center\" class=\"vc_custom_heading mb-4\" >Conozca m\u00e1s a fondo los tratamientos y servicios<\/h2><div class=\"vc_row wpb_row vc_inner vc_row-fluid box-shadow text-center icon-box justify-content-center vc_row-o-equal-height vc_row-flex\"><div class=\"wpb_column vc_column_container vc_col-sm-4 vc_col-lg-3 vc_col-md-3\"><div class=\"vc_column-inner\"><div class=\"wpb_wrapper\">\n\t<div  class=\"wpb_single_image wpb_content_element vc_align_center   mb-4\">\n\t\t\n\t\t<figure class=\"wpb_wrapper vc_figure\">\n\t\t\t<div class=\"vc_single_image-wrapper   vc_box_border_grey\"><img loading=\"lazy\" decoding=\"async\" width=\"50\" height=\"55\" src=\"https:\/\/americandialysiscenters.com\/wp-content\/uploads\/2023\/10\/24-find-a-dialysis-center-02.png\" class=\"vc_single_image-img attachment-full\" alt=\"\" title=\"24-find-a-dialysis-center-02\" \/><\/div>\n\t\t<\/figure>\n\t<\/div>\n<h5 style=\"color: #0053a0;text-align: center\" class=\"vc_custom_heading text-uppercase\" >Viajar<\/h5>\n\t<div class=\"wpb_text_column wpb_content_element  mb-0\" >\n\t\t<div class=\"wpb_wrapper\">\n\t\t\t<p>Localizar y solicitar tratamiento en un centro de di\u00e1lisis.<\/p>\n\n\t\t<\/div>\n\t<\/div>\n<\/div><\/div><\/div><div class=\"wpb_column vc_column_container vc_col-sm-4 vc_col-lg-3 vc_col-md-3\"><div class=\"vc_column-inner\"><div class=\"wpb_wrapper\">\n\t<div  class=\"wpb_single_image wpb_content_element vc_align_center   mb-4\">\n\t\t\n\t\t<figure class=\"wpb_wrapper vc_figure\">\n\t\t\t<div class=\"vc_single_image-wrapper   vc_box_border_grey\"><img loading=\"lazy\" decoding=\"async\" width=\"50\" height=\"55\" src=\"https:\/\/americandialysiscenters.com\/wp-content\/uploads\/2023\/10\/19-treatment-evaluator-02.png\" class=\"vc_single_image-img attachment-full\" alt=\"\" title=\"19-treatment-evaluator-02\" \/><\/div>\n\t\t<\/figure>\n\t<\/div>\n<h5 style=\"color: #0053a0;text-align: center\" class=\"vc_custom_heading text-uppercase\" >Cobertura del seguro de di\u00e1lisis<\/h5>\n\t<div class=\"wpb_text_column wpb_content_element  mb-0\" >\n\t\t<div class=\"wpb_wrapper\">\n\t\t\t<p>Conozca los conceptos b\u00e1sicos del seguro de salud y los aspectos a tener en cuenta en la gu\u00eda de cobertura de seguro para di\u00e1lisis de ADC\u00ae.<\/p>\n\n\t\t<\/div>\n\t<\/div>\n<\/div><\/div><\/div><div class=\"wpb_column vc_column_container vc_col-sm-4 vc_col-lg-3 vc_col-md-3\"><div class=\"vc_column-inner\"><div class=\"wpb_wrapper\">\n\t<div  class=\"wpb_single_image wpb_content_element vc_align_center   mb-4\">\n\t\t\n\t\t<figure class=\"wpb_wrapper vc_figure\">\n\t\t\t<div class=\"vc_single_image-wrapper   vc_box_border_grey\"><img loading=\"lazy\" decoding=\"async\" width=\"45\" height=\"70\" src=\"https:\/\/americandialysiscenters.com\/wp-content\/uploads\/2023\/10\/medicine-bottle-icon.png\" class=\"vc_single_image-img attachment-full\" alt=\"\" title=\"medicine-bottle-icon\" \/><\/div>\n\t\t<\/figure>\n\t<\/div>\n<h5 style=\"color: #0053a0;text-align: center\" class=\"vc_custom_heading text-uppercase\" >Gesti\u00f3n de recetas<\/h5>\n\t<div class=\"wpb_text_column wpb_content_element  mb-0\" >\n\t\t<div class=\"wpb_wrapper\">\n\t\t\t<p>Encuentre consejos para el manejo de medicamentos para que pueda sentirse lo mejor posible.<\/p>\n\n\t\t<\/div>\n\t<\/div>\n<\/div><\/div><\/div><div class=\"wpb_column vc_column_container vc_col-sm-4 vc_col-lg-3 vc_col-md-3\"><div class=\"vc_column-inner\"><div class=\"wpb_wrapper\">\n\t<div  class=\"wpb_single_image wpb_content_element vc_align_center   mb-4\">\n\t\t\n\t\t<figure class=\"wpb_wrapper vc_figure\">\n\t\t\t<div class=\"vc_single_image-wrapper   vc_box_border_grey\"><img loading=\"lazy\" decoding=\"async\" width=\"64\" height=\"56\" src=\"https:\/\/americandialysiscenters.com\/wp-content\/uploads\/2023\/10\/emergency-icon.png\" class=\"vc_single_image-img attachment-full\" alt=\"\" title=\"emergency-icon\" \/><\/div>\n\t\t<\/figure>\n\t<\/div>\n<h5 style=\"color: #0053a0;text-align: center\" class=\"vc_custom_heading text-uppercase\" >Servicios de emergencia<\/h5>\n\t<div class=\"wpb_text_column wpb_content_element  mb-0\" >\n\t\t<div class=\"wpb_wrapper\">\n\t\t\t<p>Obtenga apoyo, tratamiento de di\u00e1lisis y otra asistencia durante emergencias de ADC\u00ae Guest Services.<\/p>\n\n\t\t<\/div>\n\t<\/div>\n<\/div><\/div><\/div><div class=\"wpb_column vc_column_container vc_col-sm-4 vc_col-lg-3 vc_col-md-3\"><div class=\"vc_column-inner\"><div class=\"wpb_wrapper\">\n\t<div  class=\"wpb_single_image wpb_content_element vc_align_center   mb-4\">\n\t\t\n\t\t<figure class=\"wpb_wrapper vc_figure\">\n\t\t\t<div class=\"vc_single_image-wrapper   vc_box_border_grey\"><img loading=\"lazy\" decoding=\"async\" width=\"56\" height=\"84\" src=\"https:\/\/americandialysiscenters.com\/wp-content\/uploads\/2023\/10\/five-star-icon.png\" class=\"vc_single_image-img attachment-full\" alt=\"\" title=\"five-star-icon\" \/><\/div>\n\t\t<\/figure>\n\t<\/div>\n<h5 style=\"color: #0053a0;text-align: center\" class=\"vc_custom_heading text-uppercase\" >Calificaci\u00f3n de calidad de cinco estrellas<\/h5>\n\t<div class=\"wpb_text_column wpb_content_element  mb-0\" >\n\t\t<div class=\"wpb_wrapper\">\n\t\t\t<p>Obtenga informaci\u00f3n sobre el sistema de calificaci\u00f3n de calidad de cinco estrellas de los Servicios de Medicare y Medicaid (CMS).<\/p>\n\n\t\t<\/div>\n\t<\/div>\n<\/div><\/div><\/div><div class=\"wpb_column vc_column_container vc_col-sm-4 vc_col-lg-3 vc_col-md-3\"><div class=\"vc_column-inner\"><div class=\"wpb_wrapper\">\n\t<div  class=\"wpb_single_image wpb_content_element vc_align_center   mb-4\">\n\t\t\n\t\t<figure class=\"wpb_wrapper vc_figure\">\n\t\t\t<div class=\"vc_single_image-wrapper   vc_box_border_grey\"><img loading=\"lazy\" decoding=\"async\" width=\"57\" height=\"66\" src=\"https:\/\/americandialysiscenters.com\/wp-content\/uploads\/2023\/10\/med-pro-icon.png\" class=\"vc_single_image-img attachment-full\" alt=\"\" title=\"med-pro-icon\" \/><\/div>\n\t\t<\/figure>\n\t<\/div>\n<h5 style=\"color: #0053a0;text-align: center\" class=\"vc_custom_heading text-uppercase\" >Cuidado renal integrado<\/h5>\n\t<div class=\"wpb_text_column wpb_content_element  mb-0\" >\n\t\t<div class=\"wpb_wrapper\">\n\t\t\t<p>Conozca c\u00f3mo ADC Integrated Kidney Care ha brindado a los pacientes y a sus cuidadores el apoyo de un equipo de profesionales de la salud integrados.<\/p>\n\n\t\t<\/div>\n\t<\/div>\n<\/div><\/div><\/div><div class=\"wpb_column vc_column_container vc_col-sm-4 vc_col-lg-3 vc_col-md-3\"><div class=\"vc_column-inner\"><div class=\"wpb_wrapper\">\n\t<div  class=\"wpb_single_image wpb_content_element vc_align_center   mb-4\">\n\t\t\n\t\t<figure class=\"wpb_wrapper vc_figure\">\n\t\t\t<div class=\"vc_single_image-wrapper   vc_box_border_grey\"><img loading=\"lazy\" decoding=\"async\" width=\"100\" height=\"110\" src=\"https:\/\/americandialysiscenters.com\/wp-content\/uploads\/2023\/10\/secure-pay-icon.png\" class=\"vc_single_image-img attachment-full\" alt=\"\" title=\"secure-pay-icon\" \/><\/div>\n\t\t<\/figure>\n\t<\/div>\n<h5 style=\"color: #0053a0;text-align: center\" class=\"vc_custom_heading text-uppercase\" >Portal de pago para pacientes<\/h5>\n\t<div class=\"wpb_text_column wpb_content_element  mb-0\" >\n\t\t<div class=\"wpb_wrapper\">\n\t\t\t<p>Haga una llamada menos o un viaje al buz\u00f3n menos utilizando Forte Secure Web Pay, la forma f\u00e1cil y conveniente de pagar su factura.<\/p>\n\n\t\t<\/div>\n\t<\/div>\n<\/div><\/div><\/div><\/div><\/div><\/div><\/div><\/div><div class=\"vc_row-full-width vc_clearfix\"><\/div><div data-vc-full-width=\"true\" data-vc-full-width-init=\"false\" data-vc-stretch-content=\"true\" class=\"vc_row wpb_row vc_row-fluid vc_row-no-padding vc_row-o-equal-height vc_row-o-content-middle vc_row-flex\"><div class=\"h-all-100 wpb_column vc_column_container vc_col-sm-5\"><div class=\"vc_column-inner vc_custom_1693022852539\"><div class=\"wpb_wrapper\">\n\t<div  class=\"wpb_single_image wpb_content_element vc_align_left   mb-0\">\n\t\t\n\t\t<figure class=\"wpb_wrapper vc_figure\">\n\t\t\t<div class=\"vc_single_image-wrapper   vc_box_border_grey\"><img loading=\"lazy\" decoding=\"async\" width=\"1920\" height=\"1080\" src=\"https:\/\/americandialysiscenters.com\/wp-content\/uploads\/2023\/10\/davita-patient-jose-davita-nurse-cheroyl.png\" class=\"vc_single_image-img attachment-full\" alt=\"\" title=\"davita-patient-jose-davita-nurse-cheroyl\" srcset=\"https:\/\/americandialysiscenters.com\/wp-content\/uploads\/2023\/10\/davita-patient-jose-davita-nurse-cheroyl.png 1920w, https:\/\/americandialysiscenters.com\/wp-content\/uploads\/2023\/10\/davita-patient-jose-davita-nurse-cheroyl-300x169.png 300w, https:\/\/americandialysiscenters.com\/wp-content\/uploads\/2023\/10\/davita-patient-jose-davita-nurse-cheroyl-1024x576.png 1024w, https:\/\/americandialysiscenters.com\/wp-content\/uploads\/2023\/10\/davita-patient-jose-davita-nurse-cheroyl-768x432.png 768w, https:\/\/americandialysiscenters.com\/wp-content\/uploads\/2023\/10\/davita-patient-jose-davita-nurse-cheroyl-1536x864.png 1536w\" sizes=\"auto, (max-width: 1920px) 100vw, 1920px\" \/><\/div>\n\t\t<\/figure>\n\t<\/div>\n<\/div><\/div><\/div><div class=\"wpb_column vc_column_container vc_col-sm-7 vc_col-has-fill\"><div class=\"vc_column-inner vc_custom_1690976917061\"><div class=\"wpb_wrapper\"><div class=\"vc_row wpb_row vc_inner vc_row-fluid right-block text-white\"><div class=\"wpb_column vc_column_container vc_col-sm-12\"><div class=\"vc_column-inner\"><div class=\"wpb_wrapper\"><h2 style=\"text-align: left\" class=\"vc_custom_heading\" >\u00bfPor qu\u00e9 elegir ADC?<\/h2>\n\t<div class=\"wpb_text_column wpb_content_element\" >\n\t\t<div class=\"wpb_wrapper\">\n\t\t\t<h4>Descubra qu\u00e9 hace que ADC sea diferente, en formas que realmente importan.<\/h4>\n\n\t\t<\/div>\n\t<\/div>\n<\/div><\/div><\/div><\/div><\/div><\/div><\/div><\/div><div class=\"vc_row-full-width vc_clearfix\"><\/div>\n<\/section>","protected":false},"excerpt":{"rendered":"Treatment OptionsTreatment Options for End Stage Kidney Disease Home Dialysis Find out how dialyzing at home could enhance your quality&hellip; <a href=\"https:\/\/americandialysiscenters.com\/es\/treatment-options\/\"><\/a>","protected":false},"author":6,"featured_media":0,"parent":0,"menu_order":0,"comment_status":"closed","ping_status":"closed","template":"","meta":{"footnotes":""},"yst_prominent_words":[78,46,44,82,143],"class_list":["post-3681","page","type-page","status-publish","hentry"],"yoast_head":"<!-- This site is optimized with the Yoast SEO Premium plugin v14.0.4 - https:\/\/yoast.com\/wordpress\/plugins\/seo\/ -->\n<meta name=\"robots\" content=\"index, follow\" \/>\n<meta name=\"googlebot\" content=\"index, follow, max-snippet:-1, max-image-preview:large, max-video-preview:-1\" \/>\n<meta name=\"bingbot\" content=\"index, follow, max-snippet:-1, max-image-preview:large, max-video-preview:-1\" \/>\n<link rel=\"canonical\" href=\"https:\/\/americandialysiscenters.com\/es\/treatment-options\/\" \/>\n<meta property=\"og:locale\" content=\"es_ES\" \/>\n<meta property=\"og:type\" content=\"article\" \/>\n<meta property=\"og:title\" content=\"Treatment Options | American Dialysis Center\" \/>\n<meta property=\"og:url\" content=\"https:\/\/americandialysiscenters.com\/es\/treatment-options\/\" \/>\n<meta property=\"og:site_name\" content=\"American Dialysis Center\" \/>\n<meta property=\"article:publisher\" content=\"https:\/\/www.facebook.com\/American-Dialysis-Centers-1875626095982653\/\" \/>\n<meta property=\"article:modified_time\" content=\"2025-08-30T07:16:12+00:00\" \/>\n<meta property=\"og:image\" content=\"http:\/\/[site_url]\/wp-content\/uploads\/2023\/08\/down-arw-1.png\" \/>\n<meta property=\"fb:app_id\" content=\"https:\/\/www.facebook.com\/American-Dialysis-Centers-1875626095982653\/\" \/>\n<meta name=\"twitter:card\" content=\"summary_large_image\" \/>\n<meta name=\"twitter:creator\" content=\"@ADC_Dialysis\" \/>\n<meta name=\"twitter:site\" content=\"@ADC_Dialysis\" \/>\n<script type=\"application\/ld+json\" class=\"yoast-schema-graph\">{\"@context\":\"https:\/\/schema.org\",\"@graph\":[{\"@type\":\"Organization\",\"@id\":\"https:\/\/americandialysiscenters.com\/es\/#organization\",\"name\":\"AMERICAN DIALYSIS CENTERS\",\"url\":\"https:\/\/americandialysiscenters.com\/es\/\",\"sameAs\":[\"https:\/\/www.facebook.com\/American-Dialysis-Centers-1875626095982653\/\",\"https:\/\/www.instagram.com\/americandialysiscenters_adc\/\",\"https:\/\/www.linkedin.com\/company\/1842703\/admin\/\",\"https:\/\/www.youtube.com\/channel\/UCN2kuvF-WBJ-XCwsKgUlh0g\",\"https:\/\/twitter.com\/ADC_Dialysis\"],\"logo\":{\"@type\":\"ImageObject\",\"@id\":\"https:\/\/americandialysiscenters.com\/es\/#logo\",\"inLanguage\":\"es\",\"url\":\"https:\/\/americandialysiscenters.com\/wp-content\/uploads\/2019\/09\/ADC-log.jpg\",\"width\":462,\"height\":214,\"caption\":\"AMERICAN DIALYSIS CENTERS\"},\"image\":{\"@id\":\"https:\/\/americandialysiscenters.com\/es\/#logo\"}},{\"@type\":\"WebSite\",\"@id\":\"https:\/\/americandialysiscenters.com\/es\/#website\",\"url\":\"https:\/\/americandialysiscenters.com\/es\/\",\"name\":\"American Dialysis Center\",\"description\":\"Kidney Failure in Las Vegas, NV\",\"publisher\":{\"@id\":\"https:\/\/americandialysiscenters.com\/es\/#organization\"},\"potentialAction\":[{\"@type\":\"SearchAction\",\"target\":\"https:\/\/americandialysiscenters.com\/es\/?s={search_term_string}\",\"query-input\":\"required name=search_term_string\"}],\"inLanguage\":\"es\"},{\"@type\":\"ImageObject\",\"@id\":\"https:\/\/americandialysiscenters.com\/treatment-options\/#primaryimage\",\"inLanguage\":\"es\",\"url\":\"[site_url]\/wp-content\/uploads\/2023\/08\/down-arw-1.png\"},{\"@type\":\"WebPage\",\"@id\":\"https:\/\/americandialysiscenters.com\/treatment-options\/#webpage\",\"url\":\"https:\/\/americandialysiscenters.com\/treatment-options\/\",\"name\":\"Treatment Options | American Dialysis Center\",\"isPartOf\":{\"@id\":\"https:\/\/americandialysiscenters.com\/es\/#website\"},\"primaryImageOfPage\":{\"@id\":\"https:\/\/americandialysiscenters.com\/treatment-options\/#primaryimage\"},\"datePublished\":\"2023-10-11T06:30:26+00:00\",\"dateModified\":\"2025-08-30T07:16:12+00:00\",\"inLanguage\":\"es\",\"potentialAction\":[{\"@type\":\"ReadAction\",\"target\":[\"https:\/\/americandialysiscenters.com\/treatment-options\/\"]}]}]}<\/script>\n<!-- \/ Yoast SEO Premium plugin. -->","_links":{"self":[{"href":"https:\/\/americandialysiscenters.com\/es\/wp-json\/wp\/v2\/pages\/3681","targetHints":{"allow":["GET"]}}],"collection":[{"href":"https:\/\/americandialysiscenters.com\/es\/wp-json\/wp\/v2\/pages"}],"about":[{"href":"https:\/\/americandialysiscenters.com\/es\/wp-json\/wp\/v2\/types\/page"}],"author":[{"embeddable":true,"href":"https:\/\/americandialysiscenters.com\/es\/wp-json\/wp\/v2\/users\/6"}],"replies":[{"embeddable":true,"href":"https:\/\/americandialysiscenters.com\/es\/wp-json\/wp\/v2\/comments?post=3681"}],"version-history":[{"count":7,"href":"https:\/\/americandialysiscenters.com\/es\/wp-json\/wp\/v2\/pages\/3681\/revisions"}],"predecessor-version":[{"id":4876,"href":"https:\/\/americandialysiscenters.com\/es\/wp-json\/wp\/v2\/pages\/3681\/revisions\/4876"}],"wp:attachment":[{"href":"https:\/\/americandialysiscenters.com\/es\/wp-json\/wp\/v2\/media?parent=3681"}],"wp:term":[{"taxonomy":"yst_prominent_words","embeddable":true,"href":"https:\/\/americandialysiscenters.com\/es\/wp-json\/wp\/v2\/yst_prominent_words?post=3681"}],"curies":[{"name":"wp","href":"https:\/\/api.w.org\/{rel}","templated":true}]}}