{"id":4317,"date":"2024-08-28T18:16:30","date_gmt":"2024-08-28T06:16:30","guid":{"rendered":"https:\/\/americandialysiscenters.com\/?page_id=4317"},"modified":"2025-08-30T18:40:32","modified_gmt":"2025-08-30T06:40:32","slug":"vegas","status":"publish","type":"page","link":"https:\/\/americandialysiscenters.com\/es\/","title":{"rendered":"Vegas"},"content":{"rendered":"<section class=\"wpb-content-wrapper\"><div data-vc-full-width=\"true\" data-vc-full-width-init=\"false\" data-vc-stretch-content=\"true\" class=\"vc_row wpb_row vc_row-fluid vc_row-no-padding vc_row-o-content-middle vc_row-flex\"><div class=\"wpb_column vc_column_container vc_col-sm-12\"><div class=\"vc_column-inner\"><div class=\"wpb_wrapper\">\n\t<div class=\"wpb_text_column wpb_content_element  mb-0\" >\n\t\t<div class=\"wpb_wrapper\">\n\t\t\t<div class=\"ratio ratio-21x9 video-banner\"><video class=\"embed-responsive-item\" poster=\"https:\/\/americandialysiscenters.com\/wp-content\/uploads\/2023\/10\/iStock-171345120.jpg\" autoplay=\"autoplay\" loop=\"loop\" muted=\"\" width=\"300\" height=\"150\"><source src=\"https:\/\/americandialysiscenters.com\/wp-content\/uploads\/2023\/10\/banner.mp4\" type=\"video\/mp4\" \/><\/video><\/div>\n\n\t\t<\/div>\n\t<\/div>\n<div class=\"vc_row wpb_row vc_inner vc_row-fluid vb-caption mb-0 container mx-auto\"><div class=\"wpb_column vc_column_container vc_col-sm-12\"><div class=\"vc_column-inner\"><div class=\"wpb_wrapper\"><h1 style=\"text-align: left\" class=\"vc_custom_heading wpb_animate_when_almost_visible wpb_fadeInUp fadeInUp\" >Tu salud.<br \/>\nNuestro enfoque.<\/h1>\n\t<div class=\"wpb_text_column wpb_content_element  wpb_animate_when_almost_visible wpb_fadeInUp fadeInUp mb-0\" >\n\t\t<div class=\"wpb_wrapper\">\n\t\t\t<h4 class=\"translation-block\">Ofrecemos la mejor atenci\u00f3n de di\u00e1lisis posible en un entorno c\u00f3modo y conveniente.<\/h4>\n\n\t\t<\/div>\n\t<\/div>\n\n\t<div class=\"wpb_raw_code wpb_content_element wpb_raw_html banner-btns mb-0\" >\n\t\t<div class=\"wpb_wrapper\">\n\t\t\t<h4>Pacientes nuevos<\/h4>\n<div class=\"d-flex flex-wrap gap-2 cbtn mb-3\">\n<a class=\"gcalender\" href=\"#?lead=call\" onclick=\"window.open('https:\/\/calendar.app.google\/Ae13sEsLkgK1Jtuo9', 'newwindow', 'width=800,height=600,left=' + (screen.width\/2 - 400) + ',top=' + (screen.height\/2 - 300)); return false;\" style=\"cursor: pointer;\">Programar una llamada<\/a>\n<a class=\"gcalender\" href=\"#?lead=in-person\" onclick=\"window.open('https:\/\/calendar.app.google\/duGryAeZ7SG9rxE87', 'newwindow', 'width=800,height=600,left=' + (screen.width\/2 - 400) + ',top=' + (screen.height\/2 - 300)); return false;\" style=\"cursor: pointer;\">Reservar un recorrido<\/a>\n<\/div>\n<h4>Pacientes actuales<\/h4>\n<div class=\"cbtn\">\n<a class=\"gcalender\" href=\"#?lead=call\" onclick=\"window.open('https:\/\/calendar.app.google\/PBkWC2VZSMYL8KQk6', 'newwindow', 'width=800,height=600,left=' + (screen.width\/2 - 400) + ',top=' + (screen.height\/2 - 300)); return false;\" style=\"cursor: pointer;\">Programar una llamada<\/a>\n<\/div>\n\t\t<\/div>\n\t<\/div>\n<\/div><\/div><\/div><\/div><div id=\"jump_down\" class=\"vc_icon_element vc_icon_element-outer mb-0 position-absolute vc_icon_element-align-right vc_icon_element-have-style\"><div class=\"vc_icon_element-inner vc_icon_element-color-white vc_icon_element-have-style-inner vc_icon_element-size-sm vc_icon_element-style-rounded vc_icon_element-background vc_icon_element-background-color-custom\"  style=\"background-color:#0053a0\"><span class=\"vc_icon_element-icon fas fa-chevron-down\" ><\/span><a class=\"vc_icon_element-link\" href=\"#intro\"  title=\"\" target=\"_self\"><\/a><\/div><\/div><\/div><\/div><\/div><\/div><div class=\"vc_row-full-width vc_clearfix\"><\/div><div id=\"intro\" data-vc-full-width=\"true\" data-vc-full-width-init=\"false\" class=\"vc_row wpb_row vc_row-fluid pt-2 pb-5 vc_custom_1692771789458 vc_row-has-fill\"><div class=\"wpb_column vc_column_container vc_col-sm-12\"><div class=\"vc_column-inner\"><div class=\"wpb_wrapper\"><h4 style=\"color: #8c9295;text-align: center\" class=\"vc_custom_heading text-uppercase\" >Bienvenido a<\/h4><h2 style=\"color: #0053a0;text-align: center\" class=\"vc_custom_heading\" >American Dialysis Centers<\/h2><div class=\"vc_row wpb_row vc_inner vc_row-fluid blocks3 mt-4 mx-auto\"><div class=\"wpb_column vc_column_container vc_col-sm-4\"><div class=\"vc_column-inner\"><div class=\"wpb_wrapper\">\n\t<div  class=\"wpb_single_image wpb_content_element vc_align_left   mb-4\">\n\t\t\n\t\t<figure class=\"wpb_wrapper vc_figure\">\n\t\t\t<div class=\"vc_single_image-wrapper   vc_box_border_grey\"><img loading=\"lazy\" decoding=\"async\" width=\"1906\" height=\"1271\" src=\"https:\/\/americandialysiscenters.com\/wp-content\/uploads\/2023\/10\/953.jpg\" class=\"vc_single_image-img attachment-full\" alt=\"\" title=\"953\" srcset=\"https:\/\/americandialysiscenters.com\/wp-content\/uploads\/2023\/10\/953.jpg 1906w, https:\/\/americandialysiscenters.com\/wp-content\/uploads\/2023\/10\/953-300x200.jpg 300w, https:\/\/americandialysiscenters.com\/wp-content\/uploads\/2023\/10\/953-1024x683.jpg 1024w, https:\/\/americandialysiscenters.com\/wp-content\/uploads\/2023\/10\/953-768x512.jpg 768w, https:\/\/americandialysiscenters.com\/wp-content\/uploads\/2023\/10\/953-1536x1024.jpg 1536w, https:\/\/americandialysiscenters.com\/wp-content\/uploads\/2023\/10\/953-272x182.jpg 272w\" sizes=\"auto, (max-width: 1906px) 100vw, 1906px\" \/><\/div>\n\t\t<\/figure>\n\t<\/div>\n<h5 style=\"text-align: left\" class=\"vc_custom_heading text-uppercase\" >Pacientes nuevos<\/h5>\n\t<div class=\"wpb_text_column wpb_content_element  mb-2\" >\n\t\t<div class=\"wpb_wrapper\">\n\t\t\t<p>ADC cuenta con un equipo interdisciplinario de atenci\u00f3n competente compuesto por m\u00e9dicos, enfermeras, t\u00e9cnicos de atenci\u00f3n al paciente, \u2026<\/p>\n\n\t\t<\/div>\n\t<\/div>\n\n\t<div class=\"wpb_raw_code wpb_content_element wpb_raw_html cbtn arw-right mb-0\" >\n\t\t<div class=\"wpb_wrapper\">\n\t\t\t<a class=\"gcalender\" href=\"#?lead=call\" onclick=\"window.open('https:\/\/calendar.app.google\/Ae13sEsLkgK1Jtuo9', 'newwindow', 'width=800,height=600,left=' + (screen.width\/2 - 400) + ',top=' + (screen.height\/2 - 300)); return false;\" style=\"cursor: pointer;\">Programar una llamada<\/a>\n\t\t<\/div>\n\t<\/div>\n<\/div><\/div><\/div><div class=\"wpb_column vc_column_container vc_col-sm-4\"><div class=\"vc_column-inner\"><div class=\"wpb_wrapper\">\n\t<div  class=\"wpb_single_image wpb_content_element vc_align_left   mb-4\">\n\t\t\n\t\t<figure class=\"wpb_wrapper vc_figure\">\n\t\t\t<div class=\"vc_single_image-wrapper   vc_box_border_grey\"><img loading=\"lazy\" decoding=\"async\" width=\"2560\" height=\"1707\" src=\"https:\/\/americandialysiscenters.com\/wp-content\/uploads\/2023\/10\/iStock-465060365-1-scaled.jpg\" class=\"vc_single_image-img attachment-full\" alt=\"\" title=\"Young Female Patient Talking To Nurse In Emergency Room\" srcset=\"https:\/\/americandialysiscenters.com\/wp-content\/uploads\/2023\/10\/iStock-465060365-1-scaled.jpg 2560w, https:\/\/americandialysiscenters.com\/wp-content\/uploads\/2023\/10\/iStock-465060365-1-300x200.jpg 300w, https:\/\/americandialysiscenters.com\/wp-content\/uploads\/2023\/10\/iStock-465060365-1-1024x683.jpg 1024w, https:\/\/americandialysiscenters.com\/wp-content\/uploads\/2023\/10\/iStock-465060365-1-768x512.jpg 768w, https:\/\/americandialysiscenters.com\/wp-content\/uploads\/2023\/10\/iStock-465060365-1-1536x1024.jpg 1536w, https:\/\/americandialysiscenters.com\/wp-content\/uploads\/2023\/10\/iStock-465060365-1-2048x1365.jpg 2048w, https:\/\/americandialysiscenters.com\/wp-content\/uploads\/2023\/10\/iStock-465060365-1-272x182.jpg 272w\" sizes=\"auto, (max-width: 2560px) 100vw, 2560px\" \/><\/div>\n\t\t<\/figure>\n\t<\/div>\n<h5 style=\"text-align: left\" class=\"vc_custom_heading text-uppercase\" >Pacientes nuevos<\/h5>\n\t<div class=\"wpb_text_column wpb_content_element  mb-2\" >\n\t\t<div class=\"wpb_wrapper\">\n\t\t\t<p>Los pacientes de ADC se benefician del apoyo especializado y la experiencia de un conjunto de profesionales de nuestra red. Estos recursos permiten que el \u2026<\/p>\n\n\t\t<\/div>\n\t<\/div>\n\n\t<div class=\"wpb_raw_code wpb_content_element wpb_raw_html cbtn arw-right mb-0\" >\n\t\t<div class=\"wpb_wrapper\">\n\t\t\t<a class=\"gcalender\" href=\"#?lead=in-person\" onclick=\"window.open('https:\/\/calendar.app.google\/duGryAeZ7SG9rxE87', 'newwindow', 'width=800,height=600,left=' + (screen.width\/2 - 400) + ',top=' + (screen.height\/2 - 300)); return false;\" style=\"cursor: pointer;\">Reservar un recorrido<\/a>\n\t\t<\/div>\n\t<\/div>\n<\/div><\/div><\/div><div class=\"wpb_column vc_column_container vc_col-sm-4\"><div class=\"vc_column-inner\"><div class=\"wpb_wrapper\">\n\t<div  class=\"wpb_single_image wpb_content_element vc_align_left   mb-4\">\n\t\t\n\t\t<figure class=\"wpb_wrapper vc_figure\">\n\t\t\t<div class=\"vc_single_image-wrapper   vc_box_border_grey\"><img loading=\"lazy\" decoding=\"async\" width=\"2560\" height=\"1707\" src=\"https:\/\/americandialysiscenters.com\/wp-content\/uploads\/2023\/10\/iStock-160945312-scaled.jpg\" class=\"vc_single_image-img attachment-full\" alt=\"\" title=\"Nurse Making Notes During Home Visit With Senior Patient\" srcset=\"https:\/\/americandialysiscenters.com\/wp-content\/uploads\/2023\/10\/iStock-160945312-scaled.jpg 2560w, https:\/\/americandialysiscenters.com\/wp-content\/uploads\/2023\/10\/iStock-160945312-300x200.jpg 300w, https:\/\/americandialysiscenters.com\/wp-content\/uploads\/2023\/10\/iStock-160945312-1024x683.jpg 1024w, https:\/\/americandialysiscenters.com\/wp-content\/uploads\/2023\/10\/iStock-160945312-768x512.jpg 768w, https:\/\/americandialysiscenters.com\/wp-content\/uploads\/2023\/10\/iStock-160945312-1536x1024.jpg 1536w, https:\/\/americandialysiscenters.com\/wp-content\/uploads\/2023\/10\/iStock-160945312-2048x1365.jpg 2048w, https:\/\/americandialysiscenters.com\/wp-content\/uploads\/2023\/10\/iStock-160945312-272x182.jpg 272w\" sizes=\"auto, (max-width: 2560px) 100vw, 2560px\" \/><\/div>\n\t\t<\/figure>\n\t<\/div>\n<h5 style=\"text-align: left\" class=\"vc_custom_heading text-uppercase\" >Pacientes actuales<\/h5>\n\t<div class=\"wpb_text_column wpb_content_element  mb-2\" >\n\t\t<div class=\"wpb_wrapper\">\n\t\t\t<p>UBICACI\u00d3N CONVENIENTE: American Dialysis Centers est\u00e1 bien ubicado para su comodidad en North Las Vegas. ADC North Las Vegas \u2026<\/p>\n\n\t\t<\/div>\n\t<\/div>\n\n\t<div class=\"wpb_raw_code wpb_content_element wpb_raw_html cbtn arw-right mb-0\" >\n\t\t<div class=\"wpb_wrapper\">\n\t\t\t<a class=\"gcalender\" href=\"#?lead=call\" onclick=\"window.open('https:\/\/calendar.app.google\/PBkWC2VZSMYL8KQk6', 'newwindow', 'width=800,height=600,left=' + (screen.width\/2 - 400) + ',top=' + (screen.height\/2 - 300)); return false;\" style=\"cursor: pointer;\">Programar una llamada<\/a>\n\t\t<\/div>\n\t<\/div>\n<\/div><\/div><\/div><\/div><\/div><\/div><\/div><\/div><div class=\"vc_row-full-width vc_clearfix\"><\/div><div data-vc-full-width=\"true\" data-vc-full-width-init=\"false\" data-vc-stretch-content=\"true\" class=\"vc_row wpb_row vc_row-fluid vc_row-no-padding vc_row-o-equal-height vc_row-o-content-middle vc_row-flex\"><div class=\"h-all-100 wpb_column vc_column_container vc_col-sm-4\"><div class=\"vc_column-inner vc_custom_1724922312878\"><div class=\"wpb_wrapper\">\n\t<div  class=\"wpb_single_image wpb_content_element vc_align_left   mb-0\">\n\t\t\n\t\t<figure class=\"wpb_wrapper vc_figure\">\n\t\t\t<div class=\"vc_single_image-wrapper   vc_box_border_grey\"><img loading=\"lazy\" decoding=\"async\" width=\"1140\" height=\"912\" src=\"https:\/\/americandialysiscenters.com\/wp-content\/uploads\/2023\/10\/adc-home-03.png\" class=\"vc_single_image-img attachment-full\" alt=\"\" title=\"adc-home-03\" srcset=\"https:\/\/americandialysiscenters.com\/wp-content\/uploads\/2023\/10\/adc-home-03.png 1140w, https:\/\/americandialysiscenters.com\/wp-content\/uploads\/2023\/10\/adc-home-03-300x240.png 300w, https:\/\/americandialysiscenters.com\/wp-content\/uploads\/2023\/10\/adc-home-03-1024x819.png 1024w, https:\/\/americandialysiscenters.com\/wp-content\/uploads\/2023\/10\/adc-home-03-768x614.png 768w\" sizes=\"auto, (max-width: 1140px) 100vw, 1140px\" \/><\/div>\n\t\t<\/figure>\n\t<\/div>\n<\/div><\/div><\/div><div class=\"wpb_column vc_column_container vc_col-sm-8 vc_col-has-fill\"><div class=\"vc_column-inner vc_custom_1724922322580\"><div class=\"wpb_wrapper\"><div class=\"vc_row wpb_row vc_inner vc_row-fluid blocks3 my-4 mx-md-5 in-blue vc_custom_1724955635313 vc_column-gap-20 vc_row-o-equal-height vc_row-flex\"><div class=\"wpb_column vc_column_container vc_col-sm-4\"><div class=\"vc_column-inner\"><div class=\"wpb_wrapper\">\n\t<div  class=\"wpb_single_image wpb_content_element vc_align_left   mb-4\">\n\t\t\n\t\t<figure class=\"wpb_wrapper vc_figure\">\n\t\t\t<div class=\"vc_single_image-wrapper   vc_box_border_grey\"><img loading=\"lazy\" decoding=\"async\" width=\"1160\" height=\"728\" src=\"https:\/\/americandialysiscenters.com\/wp-content\/uploads\/2023\/10\/hhd-patient.png\" class=\"vc_single_image-img attachment-full\" alt=\"\" title=\"hhd-patient\" srcset=\"https:\/\/americandialysiscenters.com\/wp-content\/uploads\/2023\/10\/hhd-patient.png 1160w, https:\/\/americandialysiscenters.com\/wp-content\/uploads\/2023\/10\/hhd-patient-300x188.png 300w, https:\/\/americandialysiscenters.com\/wp-content\/uploads\/2023\/10\/hhd-patient-1024x643.png 1024w, https:\/\/americandialysiscenters.com\/wp-content\/uploads\/2023\/10\/hhd-patient-768x482.png 768w\" sizes=\"auto, (max-width: 1160px) 100vw, 1160px\" \/><\/div>\n\t\t<\/figure>\n\t<\/div>\n<h5 style=\"text-align: left\" class=\"vc_custom_heading text-uppercase\" >Hemodi\u00e1lisis en el hogar<\/h5>\n\t<div class=\"wpb_text_column wpb_content_element  mb-0\" >\n\t\t<div class=\"wpb_wrapper\">\n\t\t\t<p>La hemodi\u00e1lisis en el hogar ofrece un horario flexible, lo que permite disponer de m\u00e1s tiempo para las actividades y mejorar la calidad de vida.<\/p>\n\n\t\t<\/div>\n\t<\/div>\n\n\t<div class=\"wpb_raw_code wpb_content_element wpb_raw_html mb-0\" >\n\t\t<div class=\"wpb_wrapper\">\n\t\t\t<a class=\"stretched-link\" href=\"https:\/\/americandialysiscenters.com\/es\/home-hemodialysis\/\"><\/a>\n\t\t<\/div>\n\t<\/div>\n<\/div><\/div><\/div><div class=\"wpb_column vc_column_container vc_col-sm-4\"><div class=\"vc_column-inner\"><div class=\"wpb_wrapper\">\n\t<div  class=\"wpb_single_image wpb_content_element vc_align_left   mb-4\">\n\t\t\n\t\t<figure class=\"wpb_wrapper vc_figure\">\n\t\t\t<div class=\"vc_single_image-wrapper   vc_box_border_grey\"><img loading=\"lazy\" decoding=\"async\" width=\"2560\" height=\"1707\" src=\"https:\/\/americandialysiscenters.com\/wp-content\/uploads\/2023\/10\/iStock-465060365-1-scaled.jpg\" class=\"vc_single_image-img attachment-full\" alt=\"\" title=\"Young Female Patient Talking To Nurse In Emergency Room\" srcset=\"https:\/\/americandialysiscenters.com\/wp-content\/uploads\/2023\/10\/iStock-465060365-1-scaled.jpg 2560w, https:\/\/americandialysiscenters.com\/wp-content\/uploads\/2023\/10\/iStock-465060365-1-300x200.jpg 300w, https:\/\/americandialysiscenters.com\/wp-content\/uploads\/2023\/10\/iStock-465060365-1-1024x683.jpg 1024w, https:\/\/americandialysiscenters.com\/wp-content\/uploads\/2023\/10\/iStock-465060365-1-768x512.jpg 768w, https:\/\/americandialysiscenters.com\/wp-content\/uploads\/2023\/10\/iStock-465060365-1-1536x1024.jpg 1536w, https:\/\/americandialysiscenters.com\/wp-content\/uploads\/2023\/10\/iStock-465060365-1-2048x1365.jpg 2048w, https:\/\/americandialysiscenters.com\/wp-content\/uploads\/2023\/10\/iStock-465060365-1-272x182.jpg 272w\" sizes=\"auto, (max-width: 2560px) 100vw, 2560px\" \/><\/div>\n\t\t<\/figure>\n\t<\/div>\n<h5 style=\"text-align: left\" class=\"vc_custom_heading text-uppercase\" >Hemodi\u00e1lisis en el centro<\/h5>\n\t<div class=\"wpb_text_column wpb_content_element  mb-0\" >\n\t\t<div class=\"wpb_wrapper\">\n\t\t\t<p>Tratamientos programados con un equipo de atenci\u00f3n capacitado, interacci\u00f3n social y un estilo de vida flexible.<\/p>\n\n\t\t<\/div>\n\t<\/div>\n\n\t<div class=\"wpb_raw_code wpb_content_element wpb_raw_html mb-0\" >\n\t\t<div class=\"wpb_wrapper\">\n\t\t\t<a class=\"stretched-link\" href=\"https:\/\/americandialysiscenters.com\/es\/in-center-hemodialysis\/\"><\/a>\n\t\t<\/div>\n\t<\/div>\n<\/div><\/div><\/div><div class=\"wpb_column vc_column_container vc_col-sm-4\"><div class=\"vc_column-inner\"><div class=\"wpb_wrapper\">\n\t<div  class=\"wpb_single_image wpb_content_element vc_align_left   mb-4\">\n\t\t\n\t\t<figure class=\"wpb_wrapper vc_figure\">\n\t\t\t<div class=\"vc_single_image-wrapper   vc_box_border_grey\"><img loading=\"lazy\" decoding=\"async\" width=\"1000\" height=\"458\" src=\"https:\/\/americandialysiscenters.com\/wp-content\/uploads\/2023\/09\/What-is-a-Kidney-Transplant.jpg\" class=\"vc_single_image-img attachment-full\" alt=\"\" title=\"What-is-a-Kidney-Transplant\" srcset=\"https:\/\/americandialysiscenters.com\/wp-content\/uploads\/2023\/09\/What-is-a-Kidney-Transplant.jpg 1000w, https:\/\/americandialysiscenters.com\/wp-content\/uploads\/2023\/09\/What-is-a-Kidney-Transplant-300x137.jpg 300w, https:\/\/americandialysiscenters.com\/wp-content\/uploads\/2023\/09\/What-is-a-Kidney-Transplant-768x352.jpg 768w\" sizes=\"auto, (max-width: 1000px) 100vw, 1000px\" \/><\/div>\n\t\t<\/figure>\n\t<\/div>\n<h5 style=\"text-align: left\" class=\"vc_custom_heading text-uppercase\" >Transplant<\/h5>\n\t<div class=\"wpb_text_column wpb_content_element  mb-0\" >\n\t\t<div class=\"wpb_wrapper\">\n\t\t\t<p>ADC ayuda a los pacientes elegibles a optar por trasplantes de ri\u00f1\u00f3n, ofreciendo mejoras en la salud, la energ\u00eda y la calidad de vida.<\/p>\n\n\t\t<\/div>\n\t<\/div>\n\n\t<div class=\"wpb_raw_code wpb_content_element wpb_raw_html mb-0\" >\n\t\t<div class=\"wpb_wrapper\">\n\t\t\t<a class=\"stretched-link\" href=\"https:\/\/americandialysiscenters.com\/es\/transplant\/\"><\/a>\n\t\t<\/div>\n\t<\/div>\n<\/div><\/div><\/div><\/div><\/div><\/div><\/div><\/div><div class=\"vc_row-full-width vc_clearfix\"><\/div><div data-vc-full-width=\"true\" data-vc-full-width-init=\"false\" class=\"vc_row wpb_row vc_row-fluid mt-5 vc_custom_1696995552694 vc_row-has-fill\"><div class=\"wpb_column vc_column_container vc_col-sm-12\"><div class=\"vc_column-inner\"><div class=\"wpb_wrapper\"><div class=\"vc_row wpb_row vc_inner vc_row-fluid block-over-bg text-white\"><div class=\"wpb_column vc_column_container vc_col-sm-12\"><div class=\"vc_column-inner\"><div class=\"wpb_wrapper\"><h2 style=\"text-align: left\" class=\"vc_custom_heading text-uppercase\" >\u00bfEn di\u00e1lisis?<br \/>\n\u00a1Te tratamos como en familia!<\/h2>\n\t<div class=\"wpb_text_column wpb_content_element\" >\n\t\t<div class=\"wpb_wrapper\">\n\t\t\t<h4 class=\"translation-block\">Nuestra misi\u00f3n es: \u201c<strong>Tratar a los pacientes como nos gustar\u00eda ser tratados si tuvi\u00e9ramos insuficiencia renal y estuvi\u00e9ramos en di\u00e1lisis<\/strong>\u201d.<\/h4>\n\n\t\t<\/div>\n\t<\/div>\n<\/div><\/div><\/div><\/div><\/div><\/div><\/div><\/div><div class=\"vc_row-full-width vc_clearfix\"><\/div><div data-vc-full-width=\"true\" data-vc-full-width-init=\"false\" class=\"vc_row wpb_row vc_row-fluid py-4 vc_custom_1690980730313 vc_row-has-fill vc_row-o-content-middle vc_row-flex\"><div class=\"pe-md-5 wpb_column vc_column_container vc_col-sm-5\"><div class=\"vc_column-inner\"><div class=\"wpb_wrapper\"><h5 style=\"color: #ac4245;text-align: left\" class=\"vc_custom_heading text-uppercase\" >Compasi\u00f3n y cuidado<\/h5><h3 style=\"color: #0053a0;text-align: left\" class=\"vc_custom_heading\" >es nuestra m\u00e1xima prioridad<\/h3>\n\t<div class=\"wpb_text_column wpb_content_element  lead mb-0\" >\n\t\t<div class=\"wpb_wrapper\">\n\t\t\t<p>Para nosotros, usted no es solo un n\u00famero.<br \/>\nEres parte de nuestra familia en crecimiento.<br \/>\nAmerican Dialysis Centers (ADC) es la \u00fanica cl\u00ednica de di\u00e1lisis de propiedad independiente en el estado de Nevada. Es una instalaci\u00f3n de \u00faltima generaci\u00f3n que brinda miles de tratamientos de di\u00e1lisis al a\u00f1o mientras mantiene los m\u00e1s altos est\u00e1ndares m\u00e9dicos. Estamos ubicados en North Las Vegas, Nevada.<\/p>\n\n\t\t<\/div>\n\t<\/div>\n<\/div><\/div><\/div><div class=\"wpb_column vc_column_container vc_col-sm-7\"><div class=\"vc_column-inner\"><div class=\"wpb_wrapper\">\n\t<div class=\"wpb_video_widget wpb_content_element vc_clearfix   vc_video-aspect-ratio-169 vc_video-el-width-100 vc_video-align-center\" >\n\t\t<div class=\"wpb_wrapper\">\n\t\t\t\n\t\t\t<div class=\"wpb_video_wrapper\"><iframe loading=\"lazy\" title=\"Centros de di\u00e1lisis estadounidenses (ADC)\" width=\"640\" height=\"360\" src=\"https:\/\/www.youtube.com\/embed\/Nfm8fnGbVPw?feature=oembed\" frameborder=\"0\" allow=\"accelerometer; autoplay; clipboard-write; encrypted-media; gyroscope; picture-in-picture; web-share\" referrerpolicy=\"strict-origin-when-cross-origin\" allowfullscreen><\/iframe><\/div>\n\t\t<\/div>\n\t<\/div>\n<\/div><\/div><\/div><\/div><div class=\"vc_row-full-width vc_clearfix\"><\/div>\n<\/section>","protected":false},"excerpt":{"rendered":"Your Health. Our Focus. We provide the best possible dialysis care in a comfortable and convenient setting. New Patients Schedule&hellip; <a href=\"https:\/\/americandialysiscenters.com\/es\/\"><\/a>","protected":false},"author":6,"featured_media":0,"parent":0,"menu_order":0,"comment_status":"closed","ping_status":"closed","template":"","meta":{"footnotes":""},"yst_prominent_words":[156],"class_list":["post-4317","page","type-page","status-publish","hentry"],"yoast_head":"<!-- This site is optimized with the Yoast SEO Premium plugin v14.0.4 - https:\/\/yoast.com\/wordpress\/plugins\/seo\/ -->\n<meta name=\"robots\" content=\"index, follow\" \/>\n<meta name=\"googlebot\" content=\"index, follow, max-snippet:-1, max-image-preview:large, max-video-preview:-1\" \/>\n<meta name=\"bingbot\" content=\"index, follow, max-snippet:-1, max-image-preview:large, max-video-preview:-1\" \/>\n<link rel=\"canonical\" href=\"https:\/\/americandialysiscenters.com\/es\/\" \/>\n<meta property=\"og:locale\" content=\"es_ES\" \/>\n<meta property=\"og:type\" content=\"article\" \/>\n<meta property=\"og:title\" content=\"Vegas | American Dialysis Center\" \/>\n<meta property=\"og:url\" content=\"https:\/\/americandialysiscenters.com\/es\/\" \/>\n<meta property=\"og:site_name\" content=\"American Dialysis Center\" \/>\n<meta property=\"article:publisher\" content=\"https:\/\/www.facebook.com\/American-Dialysis-Centers-1875626095982653\/\" \/>\n<meta property=\"article:modified_time\" content=\"2025-08-30T06:40:32+00:00\" \/>\n<meta property=\"fb:app_id\" content=\"https:\/\/www.facebook.com\/American-Dialysis-Centers-1875626095982653\/\" \/>\n<meta name=\"twitter:card\" content=\"summary_large_image\" \/>\n<meta name=\"twitter:creator\" content=\"@ADC_Dialysis\" \/>\n<meta name=\"twitter:site\" content=\"@ADC_Dialysis\" \/>\n<script type=\"application\/ld+json\" class=\"yoast-schema-graph\">{\"@context\":\"https:\/\/schema.org\",\"@graph\":[{\"@type\":\"Organization\",\"@id\":\"https:\/\/americandialysiscenters.com\/es\/#organization\",\"name\":\"AMERICAN DIALYSIS CENTERS\",\"url\":\"https:\/\/americandialysiscenters.com\/es\/\",\"sameAs\":[\"https:\/\/www.facebook.com\/American-Dialysis-Centers-1875626095982653\/\",\"https:\/\/www.instagram.com\/americandialysiscenters_adc\/\",\"https:\/\/www.linkedin.com\/company\/1842703\/admin\/\",\"https:\/\/www.youtube.com\/channel\/UCN2kuvF-WBJ-XCwsKgUlh0g\",\"https:\/\/twitter.com\/ADC_Dialysis\"],\"logo\":{\"@type\":\"ImageObject\",\"@id\":\"https:\/\/americandialysiscenters.com\/es\/#logo\",\"inLanguage\":\"es\",\"url\":\"https:\/\/americandialysiscenters.com\/wp-content\/uploads\/2019\/09\/ADC-log.jpg\",\"width\":462,\"height\":214,\"caption\":\"AMERICAN DIALYSIS CENTERS\"},\"image\":{\"@id\":\"https:\/\/americandialysiscenters.com\/es\/#logo\"}},{\"@type\":\"WebSite\",\"@id\":\"https:\/\/americandialysiscenters.com\/es\/#website\",\"url\":\"https:\/\/americandialysiscenters.com\/es\/\",\"name\":\"American Dialysis Center\",\"description\":\"Kidney Failure in Las Vegas, NV\",\"publisher\":{\"@id\":\"https:\/\/americandialysiscenters.com\/es\/#organization\"},\"potentialAction\":[{\"@type\":\"SearchAction\",\"target\":\"https:\/\/americandialysiscenters.com\/es\/?s={search_term_string}\",\"query-input\":\"required name=search_term_string\"}],\"inLanguage\":\"es\"},{\"@type\":\"WebPage\",\"@id\":\"https:\/\/americandialysiscenters.com\/#webpage\",\"url\":\"https:\/\/americandialysiscenters.com\/\",\"name\":\"Vegas | American Dialysis Center\",\"isPartOf\":{\"@id\":\"https:\/\/americandialysiscenters.com\/es\/#website\"},\"datePublished\":\"2024-08-28T06:16:30+00:00\",\"dateModified\":\"2025-08-30T06:40:32+00:00\",\"inLanguage\":\"es\",\"potentialAction\":[{\"@type\":\"ReadAction\",\"target\":[\"https:\/\/americandialysiscenters.com\/\"]}]}]}<\/script>\n<!-- \/ Yoast SEO Premium plugin. -->","_links":{"self":[{"href":"https:\/\/americandialysiscenters.com\/es\/wp-json\/wp\/v2\/pages\/4317","targetHints":{"allow":["GET"]}}],"collection":[{"href":"https:\/\/americandialysiscenters.com\/es\/wp-json\/wp\/v2\/pages"}],"about":[{"href":"https:\/\/americandialysiscenters.com\/es\/wp-json\/wp\/v2\/types\/page"}],"author":[{"embeddable":true,"href":"https:\/\/americandialysiscenters.com\/es\/wp-json\/wp\/v2\/users\/6"}],"replies":[{"embeddable":true,"href":"https:\/\/americandialysiscenters.com\/es\/wp-json\/wp\/v2\/comments?post=4317"}],"version-history":[{"count":38,"href":"https:\/\/americandialysiscenters.com\/es\/wp-json\/wp\/v2\/pages\/4317\/revisions"}],"predecessor-version":[{"id":4870,"href":"https:\/\/americandialysiscenters.com\/es\/wp-json\/wp\/v2\/pages\/4317\/revisions\/4870"}],"wp:attachment":[{"href":"https:\/\/americandialysiscenters.com\/es\/wp-json\/wp\/v2\/media?parent=4317"}],"wp:term":[{"taxonomy":"yst_prominent_words","embeddable":true,"href":"https:\/\/americandialysiscenters.com\/es\/wp-json\/wp\/v2\/yst_prominent_words?post=4317"}],"curies":[{"name":"wp","href":"https:\/\/api.w.org\/{rel}","templated":true}]}}